{"id":103,"date":"2024-05-27T11:58:59","date_gmt":"2024-05-27T09:58:59","guid":{"rendered":"http:\/\/www.cbplomberie.re\/?page_id=103"},"modified":"2024-05-27T11:58:59","modified_gmt":"2024-05-27T09:58:59","slug":"mentions-legale","status":"publish","type":"page","link":"https:\/\/www.cbplomberie.re\/index.php\/mentions-legale\/","title":{"rendered":"Mentions l\u00e9gale"},"content":{"rendered":"\n<h2 class=\"wp-block-heading has-text-align-center has-text-color\" style=\"color:#0c4ab2;font-size:clamp(29.768px, 1.861rem + ((1vw - 3.2px) * 2.526), 52px);font-style:normal;font-weight:600\">Mentions L\u00e9gales<\/h2>\n\n\n\n<p class=\"has-text-color has-link-color wp-elements-31928bc45fa6b5e37c6edeb7db1e9d52\" style=\"color:#0c4ab2\"><strong>1. \u00c9diteur du site<\/strong><\/p>\n\n\n\n<p>Le pr\u00e9sent site internet, accessible \u00e0 l\u2019adresse www.cbplomberie.re , est \u00e9dit\u00e9 par :<\/p>\n\n\n\n<p><strong>BE YOUR FEED<\/strong><br>SAS au capital de 1000,00\u20ac<br>Si\u00e8ge social : 20 Chemin Summer n\u00b01, 97434 Saint-Gilles les Bains<br>Immatricul\u00e9e au Registre du Commerce et des Soci\u00e9t\u00e9s de Saint-Denis, La R\u00e9union sous le num\u00e9ro 89504370100021<br>Num\u00e9ro de TVA intracommunautaire : FR07895043701<\/p>\n\n\n\n<p class=\"has-text-color has-link-color wp-elements-03ca3b3a880dcac3c431ee4febfff65d\" style=\"color:#0c4ab2\"><strong>2. Directeur de la publication<\/strong><\/p>\n\n\n\n<p>Directeur de la publication : Be Your Feed<\/p>\n\n\n\n<p class=\"has-text-color has-link-color wp-elements-99d887d1869710339cb274c9c2ed9aec\" style=\"color:#0c4ab2\"><strong>3. H\u00e9bergement du site<\/strong><\/p>\n\n\n\n<p>Le site est h\u00e9berg\u00e9 par :<\/p>\n\n\n\n<p><strong>OVH<\/strong><br>Adresse : 2 Rue Kellermann, 59100 Roubaix<br>Site web : <a href=\"https:\/\/www.ovhcloud.com\/fr\/\">Cloud Computing &amp; H\u00e9bergement Web | OVHcloud France<\/a><\/p>\n\n\n\n<p class=\"has-text-color has-link-color wp-elements-40abe2e16df70e8c78001ec8df3e54c2\" style=\"color:#0c4ab2\"><strong>4. Propri\u00e9t\u00e9 intellectuelle<\/strong><\/p>\n\n\n\n<p>L\u2019ensemble des contenus pr\u00e9sents sur ce site, incluant, de fa\u00e7on non limitative, les graphismes, images, textes, vid\u00e9os, animations, sons, logos, gifs et ic\u00f4nes ainsi que leur mise en forme sont la propri\u00e9t\u00e9 exclusive de CB Plomberie, \u00e0 l&#8217;exception des marques, logos ou contenus appartenant \u00e0 d&#8217;autres soci\u00e9t\u00e9s partenaires ou auteurs.<\/p>\n\n\n\n<p>Toute reproduction, distribution, modification, adaptation, retransmission ou publication, m\u00eame partielle, de ces diff\u00e9rents \u00e9l\u00e9ments est strictement interdite sans l&#8217;accord \u00e9crit de [Nom de l&#8217;Entreprise]. Cette repr\u00e9sentation ou reproduction, par quelque proc\u00e9d\u00e9 que ce soit, constitue une contrefa\u00e7on sanctionn\u00e9e par les articles L.335-2 et suivants du Code de la propri\u00e9t\u00e9 intellectuelle. Le non-respect de cette interdiction constitue une contrefa\u00e7on pouvant engager la responsabilit\u00e9 civile et p\u00e9nale du contrefacteur.<\/p>\n\n\n\n<p class=\"has-text-color has-link-color wp-elements-2cd3df4c5cab953034a944dcb5080fcc\" style=\"color:#0c4ab2\"><strong>5. Protection des donn\u00e9es personnelles<\/strong><\/p>\n\n\n\n<p>Conform\u00e9ment aux dispositions de la loi n\u00b078-17 du 6 janvier 1978 modifi\u00e9e relative \u00e0 l&#8217;informatique, aux fichiers et aux libert\u00e9s, ainsi qu\u2019au R\u00e8glement G\u00e9n\u00e9ral sur la Protection des Donn\u00e9es (RGPD) du 27 avril 2016, vous disposez d\u2019un droit d\u2019acc\u00e8s, de rectification, de suppression et d\u2019opposition concernant vos donn\u00e9es personnelles. Vous pouvez exercer ce droit en nous contactant par courrier \u00e0 l\u2019adresse suivante :<\/p>\n\n\n\n<p><strong>CB Plomberie<\/strong><br>89 Rue Leconte de Lisle, 97460 Saint-Paul<br>Ou par e-mail \u00e0 : cbp.contact@gmail.com<\/p>\n\n\n\n<p class=\"has-text-color has-link-color wp-elements-4e56a33384eb74faeedbe6bbcb502cfe\" style=\"color:#0c4ab2\"><strong>6. Cookies<\/strong><\/p>\n\n\n\n<p>Le site www.cbplomberie.re peut-\u00eatre amen\u00e9 \u00e0 vous demander l\u2019acceptation des cookies pour des besoins de statistiques et d\u2019affichage. Un cookie est une information d\u00e9pos\u00e9e sur votre disque dur par le serveur du site que vous visitez. Il contient plusieurs donn\u00e9es qui sont stock\u00e9es sur votre ordinateur dans un simple fichier texte auquel un serveur acc\u00e8de pour lire et enregistrer des informations.<\/p>\n\n\n\n<p class=\"has-text-color has-link-color wp-elements-1dec911762971870c3da42c4cd84aad0\" style=\"color:#0c4ab2\"><strong>7. Liens hypertextes<\/strong><\/p>\n\n\n\n<p>Le site www.cbplomberie.re peut contenir des liens hypertextes vers d\u2019autres sites. Cependant, CB Plomberie n\u2019a pas la possibilit\u00e9 de v\u00e9rifier le contenu des sites ainsi visit\u00e9s, et n\u2019assumera en cons\u00e9quence aucune responsabilit\u00e9 de ce fait.<\/p>\n\n\n\n<p class=\"has-text-color has-link-color wp-elements-e090ec7b058cc391e3d82602288c7ea7\" style=\"color:#0c4ab2\"><strong>8. Responsabilit\u00e9<\/strong><\/p>\n\n\n\n<p>CB Plomberie s&#8217;efforce de fournir sur le site www.cbplomberie.re des informations aussi pr\u00e9cises que possible. Toutefois, CB Plomberie ne pourra \u00eatre tenue responsable des omissions, des inexactitudes et des carences dans la mise \u00e0 jour, qu&#8217;elles soient de son fait ou du fait des tiers partenaires qui lui fournissent ces informations.<\/p>\n\n\n\n<p class=\"has-text-color has-link-color wp-elements-c0431e4a7bdbff7e3844b4f9f41d52b0\" style=\"color:#0c4ab2\"><strong>9. Droit applicable et attribution de juridiction<\/strong><\/p>\n\n\n\n<p>Tout litige en relation avec l\u2019utilisation du site www.cbplomberie.re est soumis au droit fran\u00e7ais. Il est fait attribution exclusive de juridiction aux tribunaux comp\u00e9tents de Saint-Paul, La R\u00e9union.<\/p>\n\n\n\n<hr class=\"wp-block-separator has-alpha-channel-opacity\"\/>\n\n\n\n<p>Ces mentions l\u00e9gales sont conformes aux exigences l\u00e9gales en vigueur et visent \u00e0 assurer la transparence et la protection de nos utilisateurs. Pour toute question compl\u00e9mentaire, veuillez nous contacter \u00e0 l\u2019adresse mentionn\u00e9e ci-dessus.<\/p>\n","protected":false},"excerpt":{"rendered":"<p>Mentions L\u00e9gales 1. \u00c9diteur du site Le pr\u00e9sent site internet, accessible \u00e0 l\u2019adresse www.cbplomberie.re , est \u00e9dit\u00e9 par : BE YOUR FEEDSAS au capital de 1000,00\u20acSi\u00e8ge social : 20 Chemin Summer n\u00b01, 97434 Saint-Gilles les BainsImmatricul\u00e9e au Registre du Commerce et des Soci\u00e9t\u00e9s de Saint-Denis, La R\u00e9union sous le num\u00e9ro 89504370100021Num\u00e9ro de TVA intracommunautaire : [&hellip;]<\/p>\n","protected":false},"author":1,"featured_media":0,"parent":0,"menu_order":0,"comment_status":"closed","ping_status":"closed","template":"","meta":{"footnotes":""},"class_list":["post-103","page","type-page","status-publish","hentry"],"_links":{"self":[{"href":"https:\/\/www.cbplomberie.re\/index.php\/wp-json\/wp\/v2\/pages\/103","targetHints":{"allow":["GET"]}}],"collection":[{"href":"https:\/\/www.cbplomberie.re\/index.php\/wp-json\/wp\/v2\/pages"}],"about":[{"href":"https:\/\/www.cbplomberie.re\/index.php\/wp-json\/wp\/v2\/types\/page"}],"author":[{"embeddable":true,"href":"https:\/\/www.cbplomberie.re\/index.php\/wp-json\/wp\/v2\/users\/1"}],"replies":[{"embeddable":true,"href":"https:\/\/www.cbplomberie.re\/index.php\/wp-json\/wp\/v2\/comments?post=103"}],"version-history":[{"count":1,"href":"https:\/\/www.cbplomberie.re\/index.php\/wp-json\/wp\/v2\/pages\/103\/revisions"}],"predecessor-version":[{"id":104,"href":"https:\/\/www.cbplomberie.re\/index.php\/wp-json\/wp\/v2\/pages\/103\/revisions\/104"}],"wp:attachment":[{"href":"https:\/\/www.cbplomberie.re\/index.php\/wp-json\/wp\/v2\/media?parent=103"}],"curies":[{"name":"wp","href":"https:\/\/api.w.org\/{rel}","templated":true}]}}