{"id":57,"date":"2024-05-27T08:45:05","date_gmt":"2024-05-27T06:45:05","guid":{"rendered":"http:\/\/www.cbplomberie.re\/?page_id=57"},"modified":"2024-05-29T12:47:27","modified_gmt":"2024-05-29T10:47:27","slug":"accueil","status":"publish","type":"page","link":"https:\/\/www.cbplomberie.re\/","title":{"rendered":"Accueil"},"content":{"rendered":"\n<div class=\"wp-block-cover alignfull is-light has-text-color\" style=\"color:#0c4ab2;margin-top:0;margin-bottom:0;padding-top:0;padding-bottom:0;min-height:643px;aspect-ratio:unset;\"><span aria-hidden=\"true\" class=\"wp-block-cover__background has-white-background-color has-background-dim-30 has-background-dim\"><\/span><img loading=\"lazy\" decoding=\"async\" width=\"1920\" height=\"1920\" class=\"wp-block-cover__image-background wp-image-73\" alt=\"\" src=\"http:\/\/www.cbplomberie.re\/wp-content\/uploads\/2024\/05\/cannabox-EcCUsk8iSSo-unsplash.jpg\" style=\"object-position:48% 30%\" data-object-fit=\"cover\" data-object-position=\"48% 30%\" srcset=\"https:\/\/www.cbplomberie.re\/wp-content\/uploads\/2024\/05\/cannabox-EcCUsk8iSSo-unsplash.jpg 1920w, https:\/\/www.cbplomberie.re\/wp-content\/uploads\/2024\/05\/cannabox-EcCUsk8iSSo-unsplash-300x300.jpg 300w, https:\/\/www.cbplomberie.re\/wp-content\/uploads\/2024\/05\/cannabox-EcCUsk8iSSo-unsplash-1024x1024.jpg 1024w, https:\/\/www.cbplomberie.re\/wp-content\/uploads\/2024\/05\/cannabox-EcCUsk8iSSo-unsplash-150x150.jpg 150w, https:\/\/www.cbplomberie.re\/wp-content\/uploads\/2024\/05\/cannabox-EcCUsk8iSSo-unsplash-768x768.jpg 768w, https:\/\/www.cbplomberie.re\/wp-content\/uploads\/2024\/05\/cannabox-EcCUsk8iSSo-unsplash-1536x1536.jpg 1536w\" sizes=\"auto, (max-width: 1920px) 100vw, 1920px\" \/><div class=\"wp-block-cover__inner-container has-global-padding is-layout-constrained wp-container-core-cover-is-layout-858e3905 wp-block-cover-is-layout-constrained\">\n<h1 class=\"wp-block-heading has-text-align-center has-text-color\" style=\"color:#0c4ab2;font-size:clamp(46.987px, 2.937rem + ((1vw - 3.2px) * 5.115), 92px);font-style:normal;font-weight:600\">Votre expert en plomberie dans l&#8217;Ouest de l&#8217;\u00cele de La R\u00e9union :<\/h1>\n\n\n\n<div style=\"height:30px\" aria-hidden=\"true\" class=\"wp-block-spacer\"><\/div>\n\n\n\n<h6 class=\"wp-block-heading has-text-align-center has-text-color\" style=\"color:#0c4ab2;font-size:clamp(18.959px, 1.185rem + ((1vw - 3.2px) * 1.255), 30px);font-style:normal;font-weight:600\">Cl\u00e9ment bernasse plomberie<\/h6>\n\n\n\n<div style=\"height:50px\" aria-hidden=\"true\" class=\"wp-block-spacer\"><\/div>\n\n\n\n<div class=\"wp-block-buttons is-content-justification-center is-layout-flex wp-container-core-buttons-is-layout-a89b3969 wp-block-buttons-is-layout-flex\">\n<div class=\"wp-block-button has-custom-font-size\" style=\"font-size:clamp(14px, 0.875rem + ((1vw - 3.2px) * 0.455), 18px);font-style:normal;font-weight:300\"><a class=\"wp-block-button__link has-text-color has-background wp-element-button\" href=\"http:\/\/www.cbplomberie.re\/index.php\/nos-services\/\" style=\"border-style:none;border-width:0px;border-radius:30px;color:#ffffff;background-color:#0c4ab2;padding-top:15px;padding-right:25px;padding-bottom:15px;padding-left:25px\">D\u00e9couvrir plus<\/a><\/div>\n<\/div>\n<\/div><\/div>\n\n\n\n<div class=\"wp-block-group alignfull has-global-padding is-layout-constrained wp-container-core-group-is-layout-3d678ac5 wp-block-group-is-layout-constrained\" style=\"margin-top:0;margin-bottom:0;padding-top:120px;padding-bottom:120px\">\n<div class=\"wp-block-group alignfull has-background has-global-padding is-layout-constrained wp-container-core-group-is-layout-6a32ee6d wp-block-group-is-layout-constrained\" style=\"background-color:#eaeae3;margin-top:0;margin-bottom:0;padding-top:120px;padding-bottom:120px\">\n<h3 class=\"wp-block-heading has-text-align-center has-text-color\" style=\"color:#0c4ab2;font-size:clamp(26.465px, 1.654rem + ((1vw - 3.2px) * 2.106), 45px);font-style:normal;font-weight:700\"><strong>Vous \u00eates \u00e0 la recherche d\u2019un plombier sur l\u2019\u00cele De La R\u00e9union ?<\/strong><\/h3>\n\n\n\n<p class=\"has-text-align-center has-text-color\" style=\"color:#28467f;font-size:clamp(14px, 0.875rem + ((1vw - 3.2px) * 0.227), 16px);line-height:1.8\">CB Plomberie est l\u00e0 pour vous ! Nous intervenons dans l\u2019Ouest de La R\u00e9union ainsi que dans le Nord et le Sud. Notre but ? Vous proposez un service de qualit\u00e9 avec des interventions rapides et des prix adapt\u00e9s.<\/p>\n<\/div>\n\n\n\n<div style=\"height:10px\" aria-hidden=\"true\" class=\"wp-block-spacer\"><\/div>\n\n\n\n<h2 class=\"wp-block-heading has-text-align-center has-text-color\" style=\"color:#0c4ab2;font-size:clamp(29.768px, 1.861rem + ((1vw - 3.2px) * 2.526), 52px);font-style:normal;font-weight:600\">Nos services de plomberie :<\/h2>\n\n\n\n<div style=\"height:61px\" aria-hidden=\"true\" class=\"wp-block-spacer\"><\/div>\n\n\n\n<div class=\"wp-block-columns is-layout-flex wp-container-core-columns-is-layout-17070c2b wp-block-columns-is-layout-flex\">\n<div class=\"wp-block-column is-layout-flow wp-container-core-column-is-layout-3ca914a4 wp-block-column-is-layout-flow\">\n<figure class=\"wp-block-image aligncenter size-full is-resized\"><img decoding=\"async\" src=\"https:\/\/tyler.com\/wp-content\/uploads\/2023\/11\/Icon-120-3.png\" alt=\"\" class=\"wp-image-3593\" style=\"width:100px\"\/><\/figure>\n\n\n\n<h6 class=\"wp-block-heading has-text-align-center has-text-color\" style=\"color:#0c4ab2;font-size:clamp(15.747px, 0.984rem + ((1vw - 3.2px) * 0.938), 24px);font-style:normal;font-weight:600;text-transform:none\">Installations<\/h6>\n\n\n\n<div style=\"height:2px\" aria-hidden=\"true\" class=\"wp-block-spacer\"><\/div>\n\n\n\n<p class=\"has-text-align-center has-text-color\" style=\"color:#28467f;font-size:14px;line-height:1.8\">Nous nous occupons de l\u2019installation de vos \u00e9quipements sanitaires, syst\u00e8mes de chauffage et de plomberie avec pr\u00e9cision et professionnalisme.<\/p>\n<\/div>\n\n\n\n<div class=\"wp-block-column is-layout-flow wp-container-core-column-is-layout-3ca914a4 wp-block-column-is-layout-flow\">\n<figure class=\"wp-block-image aligncenter size-full is-resized\"><img decoding=\"async\" src=\"https:\/\/tyler.com\/wp-content\/uploads\/2023\/11\/Icon-120-1.png\" alt=\"\" class=\"wp-image-3592\" style=\"width:100px\"\/><\/figure>\n\n\n\n<h6 class=\"wp-block-heading has-text-align-center has-text-color\" style=\"color:#0c4ab2;font-size:clamp(15.747px, 0.984rem + ((1vw - 3.2px) * 0.938), 24px);font-style:normal;font-weight:600;text-transform:none\">R\u00e9parations et D\u00e9pannages<\/h6>\n\n\n\n<p class=\"has-text-align-center has-text-color\" style=\"color:#28467f;font-size:14px;line-height:1.8\">Des fuites d\u2019eau aux canalisations bouch\u00e9es, nous intervenons rapidement pour r\u00e9soudre tous vos soucis de plomberie avec efficacit\u00e9.<\/p>\n<\/div>\n\n\n\n<div class=\"wp-block-column is-layout-flow wp-container-core-column-is-layout-3ca914a4 wp-block-column-is-layout-flow\">\n<figure class=\"wp-block-image aligncenter size-full is-resized\"><img decoding=\"async\" src=\"https:\/\/tyler.com\/wp-content\/uploads\/2023\/11\/Icon-120-2.png\" alt=\"\" class=\"wp-image-3594\" style=\"width:100px\"\/><\/figure>\n\n\n\n<h6 class=\"wp-block-heading has-text-align-center has-text-color\" style=\"color:#0c4ab2;font-size:clamp(15.747px, 0.984rem + ((1vw - 3.2px) * 0.938), 24px);font-style:normal;font-weight:600;text-transform:none\">Entretien<\/h6>\n\n\n\n<div style=\"height:1px\" aria-hidden=\"true\" class=\"wp-block-spacer\"><\/div>\n\n\n\n<p class=\"has-text-align-center has-text-color\" style=\"color:#28467f;font-size:14px;line-height:1.8\">Pour pr\u00e9venir les probl\u00e8mes futurs, nous proposons des services d\u2019entretien r\u00e9guliers et des inspections compl\u00e8tes de vos installations.<\/p>\n<\/div>\n\n\n\n<div class=\"wp-block-column is-layout-flow wp-container-core-column-is-layout-3ca914a4 wp-block-column-is-layout-flow\">\n<figure class=\"wp-block-image aligncenter size-full is-resized\"><img decoding=\"async\" src=\"https:\/\/tyler.com\/wp-content\/uploads\/2023\/11\/Icon-120-3.png\" alt=\"\" class=\"wp-image-3593\" style=\"width:100px\"\/><\/figure>\n\n\n\n<h6 class=\"wp-block-heading has-text-align-center has-text-color\" style=\"color:#0c4ab2;font-size:clamp(15.747px, 0.984rem + ((1vw - 3.2px) * 0.938), 24px);font-style:normal;font-weight:600;text-transform:none\">R\u00e9novations<\/h6>\n\n\n\n<div style=\"height:4px\" aria-hidden=\"true\" class=\"wp-block-spacer\"><\/div>\n\n\n\n<p class=\"has-text-align-center has-text-color\" style=\"color:#28467f;font-size:14px;line-height:1.8\">Que ce soit pour une salle de bain ou une cuisine, nous vous accompagnons dans vos projets de r\u00e9novation en vous offrant des solutions modernes et adapt\u00e9es \u00e0 vos besoins.<\/p>\n<\/div>\n<\/div>\n<\/div>\n\n\n\n<div class=\"wp-block-columns alignfull is-layout-flex wp-container-core-columns-is-layout-188233a6 wp-block-columns-is-layout-flex\" style=\"margin-top:0;margin-bottom:0;padding-top:0;padding-bottom:0\">\n<div class=\"wp-block-column is-layout-flow wp-container-core-column-is-layout-b108c007 wp-block-column-is-layout-flow\" style=\"padding-right:0;padding-left:0\">\n<div class=\"wp-block-cover is-light\" style=\"min-height:540px;aspect-ratio:unset;\"><span aria-hidden=\"true\" class=\"wp-block-cover__background has-background-dim-0 has-background-dim\" style=\"background-color:#8e8988\"><\/span><img loading=\"lazy\" decoding=\"async\" width=\"1707\" height=\"2560\" class=\"wp-block-cover__image-background wp-image-75\" alt=\"\" src=\"http:\/\/www.cbplomberie.re\/wp-content\/uploads\/2024\/05\/jacek-dylag-Vve7XkiUq_Y-unsplash-scaled.jpg\" data-object-fit=\"cover\" srcset=\"https:\/\/www.cbplomberie.re\/wp-content\/uploads\/2024\/05\/jacek-dylag-Vve7XkiUq_Y-unsplash-scaled.jpg 1707w, https:\/\/www.cbplomberie.re\/wp-content\/uploads\/2024\/05\/jacek-dylag-Vve7XkiUq_Y-unsplash-200x300.jpg 200w, https:\/\/www.cbplomberie.re\/wp-content\/uploads\/2024\/05\/jacek-dylag-Vve7XkiUq_Y-unsplash-683x1024.jpg 683w, https:\/\/www.cbplomberie.re\/wp-content\/uploads\/2024\/05\/jacek-dylag-Vve7XkiUq_Y-unsplash-768x1152.jpg 768w, https:\/\/www.cbplomberie.re\/wp-content\/uploads\/2024\/05\/jacek-dylag-Vve7XkiUq_Y-unsplash-1024x1536.jpg 1024w, https:\/\/www.cbplomberie.re\/wp-content\/uploads\/2024\/05\/jacek-dylag-Vve7XkiUq_Y-unsplash-1365x2048.jpg 1365w\" sizes=\"auto, (max-width: 1707px) 100vw, 1707px\" \/><div class=\"wp-block-cover__inner-container is-layout-flow wp-container-core-cover-is-layout-a77db08e wp-block-cover-is-layout-flow\">\n<p class=\"has-text-align-center has-large-font-size\"><\/p>\n<\/div><\/div>\n<\/div>\n\n\n\n<div class=\"wp-block-column is-layout-flow wp-container-core-column-is-layout-b108c007 wp-block-column-is-layout-flow\" style=\"padding-right:0;padding-left:0\">\n<div class=\"wp-block-cover\" style=\"min-height:540px;aspect-ratio:unset;\"><span aria-hidden=\"true\" class=\"wp-block-cover__background has-background-dim-0 has-background-dim\" style=\"background-color:#536771\"><\/span><img loading=\"lazy\" decoding=\"async\" width=\"1707\" height=\"2560\" class=\"wp-block-cover__image-background wp-image-76\" alt=\"\" src=\"http:\/\/www.cbplomberie.re\/wp-content\/uploads\/2024\/05\/alaa-turkman-mfO0SRKNzME-unsplash-scaled.jpg\" data-object-fit=\"cover\" srcset=\"https:\/\/www.cbplomberie.re\/wp-content\/uploads\/2024\/05\/alaa-turkman-mfO0SRKNzME-unsplash-scaled.jpg 1707w, https:\/\/www.cbplomberie.re\/wp-content\/uploads\/2024\/05\/alaa-turkman-mfO0SRKNzME-unsplash-200x300.jpg 200w, https:\/\/www.cbplomberie.re\/wp-content\/uploads\/2024\/05\/alaa-turkman-mfO0SRKNzME-unsplash-683x1024.jpg 683w, https:\/\/www.cbplomberie.re\/wp-content\/uploads\/2024\/05\/alaa-turkman-mfO0SRKNzME-unsplash-768x1152.jpg 768w, https:\/\/www.cbplomberie.re\/wp-content\/uploads\/2024\/05\/alaa-turkman-mfO0SRKNzME-unsplash-1024x1536.jpg 1024w, https:\/\/www.cbplomberie.re\/wp-content\/uploads\/2024\/05\/alaa-turkman-mfO0SRKNzME-unsplash-1365x2048.jpg 1365w\" sizes=\"auto, (max-width: 1707px) 100vw, 1707px\" \/><div class=\"wp-block-cover__inner-container is-layout-flow wp-container-core-cover-is-layout-a77db08e wp-block-cover-is-layout-flow\">\n<p class=\"has-text-align-center has-large-font-size\"><\/p>\n<\/div><\/div>\n<\/div>\n\n\n\n<div class=\"wp-block-column is-layout-flow wp-container-core-column-is-layout-b108c007 wp-block-column-is-layout-flow\" style=\"padding-right:0;padding-left:0\">\n<div class=\"wp-block-cover\" style=\"min-height:540px;aspect-ratio:unset;\"><span aria-hidden=\"true\" class=\"wp-block-cover__background has-background-dim-0 has-background-dim\" style=\"background-color:#737572\"><\/span><img loading=\"lazy\" decoding=\"async\" width=\"1441\" height=\"2560\" class=\"wp-block-cover__image-background wp-image-77\" alt=\"\" src=\"http:\/\/www.cbplomberie.re\/wp-content\/uploads\/2024\/05\/azka-rayhansyah-DByY8MbE9OE-unsplash-scaled.jpg\" data-object-fit=\"cover\" srcset=\"https:\/\/www.cbplomberie.re\/wp-content\/uploads\/2024\/05\/azka-rayhansyah-DByY8MbE9OE-unsplash-scaled.jpg 1441w, https:\/\/www.cbplomberie.re\/wp-content\/uploads\/2024\/05\/azka-rayhansyah-DByY8MbE9OE-unsplash-169x300.jpg 169w, https:\/\/www.cbplomberie.re\/wp-content\/uploads\/2024\/05\/azka-rayhansyah-DByY8MbE9OE-unsplash-576x1024.jpg 576w, https:\/\/www.cbplomberie.re\/wp-content\/uploads\/2024\/05\/azka-rayhansyah-DByY8MbE9OE-unsplash-768x1365.jpg 768w, https:\/\/www.cbplomberie.re\/wp-content\/uploads\/2024\/05\/azka-rayhansyah-DByY8MbE9OE-unsplash-864x1536.jpg 864w, https:\/\/www.cbplomberie.re\/wp-content\/uploads\/2024\/05\/azka-rayhansyah-DByY8MbE9OE-unsplash-1152x2048.jpg 1152w\" sizes=\"auto, (max-width: 1441px) 100vw, 1441px\" \/><div class=\"wp-block-cover__inner-container is-layout-flow wp-container-core-cover-is-layout-a77db08e wp-block-cover-is-layout-flow\">\n<p class=\"has-text-align-center has-large-font-size\"><\/p>\n<\/div><\/div>\n<\/div>\n<\/div>\n\n\n\n<div class=\"wp-block-group alignfull has-background has-global-padding is-layout-constrained wp-container-core-group-is-layout-6a32ee6d wp-block-group-is-layout-constrained\" style=\"background-color:#eaeae3;margin-top:0;margin-bottom:0;padding-top:120px;padding-bottom:120px\">\n<h3 class=\"wp-block-heading has-text-align-center has-text-color\" style=\"color:#0c4ab2;font-size:clamp(26.465px, 1.654rem + ((1vw - 3.2px) * 2.106), 45px);font-style:normal;font-weight:600\">Contactez-nous d\u00e8s aujourd&#8217;hui<\/h3>\n\n\n\n<p class=\"has-text-align-center has-text-color\" style=\"color:#28467f;font-size:14px;line-height:1.8\">Chez CB Plomberie, nous sommes fiers d\u2019offrir des services de plomberie de qualit\u00e9 sup\u00e9rieure pour r\u00e9pondre \u00e0 tous vos besoins r\u00e9sidentiels et commerciaux. Avec des ann\u00e9es d\u2019exp\u00e9rience et un plombier artisan qualifi\u00e9, nous nous engageons \u00e0 fournir des solutions fiables et durables \u00e0 tous vos probl\u00e8mes de plomberie.<\/p>\n\n\n\n<div class=\"wp-block-buttons is-content-justification-center is-layout-flex wp-container-core-buttons-is-layout-660f9ef0 wp-block-buttons-is-layout-flex\" style=\"margin-top:40px\">\n<div class=\"wp-block-button has-custom-font-size\" style=\"font-size:clamp(14px, 0.875rem + ((1vw - 3.2px) * 0.455), 18px);font-style:normal;font-weight:200\"><a class=\"wp-block-button__link has-text-color has-background wp-element-button\" href=\"http:\/\/www.cbplomberie.re\/index.php\/contact\/\" style=\"border-style:none;border-width:0px;border-radius:30px;color:#ffffff;background-color:#0c4ab2;padding-top:15px;padding-right:25px;padding-bottom:15px;padding-left:25px\">Contactez-nous maintenant<\/a><\/div>\n<\/div>\n<\/div>\n\n\n\n<div class=\"wp-block-group alignfull has-global-padding is-layout-constrained wp-container-core-group-is-layout-3d678ac5 wp-block-group-is-layout-constrained\" style=\"margin-top:0;margin-bottom:0;padding-top:120px;padding-bottom:120px\">\n<div style=\"height:80px\" aria-hidden=\"true\" class=\"wp-block-spacer\"><\/div>\n\n\n\n<div class=\"wp-block-columns is-layout-flex wp-container-core-columns-is-layout-17070c2b wp-block-columns-is-layout-flex\">\n<div class=\"wp-block-column is-layout-flow wp-container-core-column-is-layout-3ca914a4 wp-block-column-is-layout-flow\">\n<figure class=\"wp-block-image aligncenter size-full is-resized\"><img loading=\"lazy\" decoding=\"async\" width=\"940\" height=\"788\" src=\"http:\/\/www.cbplomberie.re\/wp-content\/uploads\/2024\/05\/region-reunion.png\" alt=\"\" class=\"wp-image-32\" style=\"width:230px;height:auto\" srcset=\"https:\/\/www.cbplomberie.re\/wp-content\/uploads\/2024\/05\/region-reunion.png 940w, https:\/\/www.cbplomberie.re\/wp-content\/uploads\/2024\/05\/region-reunion-300x251.png 300w, https:\/\/www.cbplomberie.re\/wp-content\/uploads\/2024\/05\/region-reunion-768x644.png 768w\" sizes=\"auto, (max-width: 940px) 100vw, 940px\" \/><\/figure>\n<\/div>\n\n\n\n<div class=\"wp-block-column is-layout-flow wp-container-core-column-is-layout-3ca914a4 wp-block-column-is-layout-flow\">\n<figure class=\"wp-block-image aligncenter size-full is-resized\"><img loading=\"lazy\" decoding=\"async\" width=\"940\" height=\"788\" src=\"http:\/\/www.cbplomberie.re\/wp-content\/uploads\/2024\/05\/Union-Europeene.png\" alt=\"\" class=\"wp-image-31\" style=\"width:230px;height:auto\" srcset=\"https:\/\/www.cbplomberie.re\/wp-content\/uploads\/2024\/05\/Union-Europeene.png 940w, https:\/\/www.cbplomberie.re\/wp-content\/uploads\/2024\/05\/Union-Europeene-300x251.png 300w, https:\/\/www.cbplomberie.re\/wp-content\/uploads\/2024\/05\/Union-Europeene-768x644.png 768w\" sizes=\"auto, (max-width: 940px) 100vw, 940px\" \/><\/figure>\n<\/div>\n\n\n\n<div class=\"wp-block-column is-layout-flow wp-container-core-column-is-layout-3ca914a4 wp-block-column-is-layout-flow\">\n<figure class=\"wp-block-image aligncenter size-full is-resized\"><img loading=\"lazy\" decoding=\"async\" width=\"940\" height=\"788\" src=\"http:\/\/www.cbplomberie.re\/wp-content\/uploads\/2024\/05\/l-EUROPE-S-ENGAGE.png\" alt=\"\" class=\"wp-image-30\" style=\"width:234px;height:auto\" srcset=\"https:\/\/www.cbplomberie.re\/wp-content\/uploads\/2024\/05\/l-EUROPE-S-ENGAGE.png 940w, https:\/\/www.cbplomberie.re\/wp-content\/uploads\/2024\/05\/l-EUROPE-S-ENGAGE-300x251.png 300w, https:\/\/www.cbplomberie.re\/wp-content\/uploads\/2024\/05\/l-EUROPE-S-ENGAGE-768x644.png 768w\" sizes=\"auto, (max-width: 940px) 100vw, 940px\" \/><\/figure>\n<\/div>\n<\/div>\n\n\n\n<p>Ce site a \u00e9t\u00e9 financ\u00e9 par l\u2019Union Europ\u00e9enne dans le cadre du programme FEDER-FSE+ R\u00e9union dont l\u2019Autorit\u00e9 de gestion est la R\u00e9gion R\u00e9union. L\u2019Europe s\u2019engage \u00e0 La R\u00e9union avec le fonds FEDER.<\/p>\n<\/div>\n","protected":false},"excerpt":{"rendered":"<p>Vous \u00eates \u00e0 la recherche d\u2019un plombier sur l\u2019\u00cele De La R\u00e9union ? CB Plomberie est l\u00e0 pour vous ! Nous intervenons dans l\u2019Ouest de La R\u00e9union ainsi que dans le Nord et le Sud. Notre but ? Vous proposez un service de qualit\u00e9 avec des interventions rapides et des prix adapt\u00e9s. Nos services de [&hellip;]<\/p>\n","protected":false},"author":1,"featured_media":0,"parent":0,"menu_order":0,"comment_status":"closed","ping_status":"closed","template":"","meta":{"footnotes":""},"class_list":["post-57","page","type-page","status-publish","hentry"],"_links":{"self":[{"href":"https:\/\/www.cbplomberie.re\/index.php\/wp-json\/wp\/v2\/pages\/57","targetHints":{"allow":["GET"]}}],"collection":[{"href":"https:\/\/www.cbplomberie.re\/index.php\/wp-json\/wp\/v2\/pages"}],"about":[{"href":"https:\/\/www.cbplomberie.re\/index.php\/wp-json\/wp\/v2\/types\/page"}],"author":[{"embeddable":true,"href":"https:\/\/www.cbplomberie.re\/index.php\/wp-json\/wp\/v2\/users\/1"}],"replies":[{"embeddable":true,"href":"https:\/\/www.cbplomberie.re\/index.php\/wp-json\/wp\/v2\/comments?post=57"}],"version-history":[{"count":12,"href":"https:\/\/www.cbplomberie.re\/index.php\/wp-json\/wp\/v2\/pages\/57\/revisions"}],"predecessor-version":[{"id":136,"href":"https:\/\/www.cbplomberie.re\/index.php\/wp-json\/wp\/v2\/pages\/57\/revisions\/136"}],"wp:attachment":[{"href":"https:\/\/www.cbplomberie.re\/index.php\/wp-json\/wp\/v2\/media?parent=57"}],"curies":[{"name":"wp","href":"https:\/\/api.w.org\/{rel}","templated":true}]}}