{"id":61,"date":"2024-05-27T08:45:35","date_gmt":"2024-05-27T06:45:35","guid":{"rendered":"http:\/\/www.cbplomberie.re\/?page_id=61"},"modified":"2024-05-29T13:49:20","modified_gmt":"2024-05-29T11:49:20","slug":"faq","status":"publish","type":"page","link":"https:\/\/www.cbplomberie.re\/index.php\/faq\/","title":{"rendered":"FAQ"},"content":{"rendered":"\n<div class=\"wp-block-cover alignfull\" style=\"margin-top:0;margin-bottom:0;min-height:640px;aspect-ratio:unset;\"><span aria-hidden=\"true\" class=\"wp-block-cover__background has-background-dim-20 has-background-dim\" style=\"background-color:#786963\"><\/span><img loading=\"lazy\" decoding=\"async\" width=\"1280\" height=\"851\" class=\"wp-block-cover__image-background wp-image-84\" alt=\"\" src=\"http:\/\/www.cbplomberie.re\/wp-content\/uploads\/2024\/05\/tubes-2672187_1280-1.jpg\" data-object-fit=\"cover\" srcset=\"https:\/\/www.cbplomberie.re\/wp-content\/uploads\/2024\/05\/tubes-2672187_1280-1.jpg 1280w, https:\/\/www.cbplomberie.re\/wp-content\/uploads\/2024\/05\/tubes-2672187_1280-1-300x199.jpg 300w, https:\/\/www.cbplomberie.re\/wp-content\/uploads\/2024\/05\/tubes-2672187_1280-1-1024x681.jpg 1024w, https:\/\/www.cbplomberie.re\/wp-content\/uploads\/2024\/05\/tubes-2672187_1280-1-768x511.jpg 768w\" sizes=\"auto, (max-width: 1280px) 100vw, 1280px\" \/><div class=\"wp-block-cover__inner-container is-layout-flow wp-block-cover-is-layout-flow\">\n<p class=\"has-text-align-center has-large-font-size\"><\/p>\n<\/div><\/div>\n\n\n\n<div class=\"wp-block-group alignfull has-background has-global-padding is-layout-constrained wp-container-core-group-is-layout-8f190b32 wp-block-group-is-layout-constrained\" style=\"background-color:#efeee7;margin-top:0;margin-bottom:0;padding-top:100px;padding-bottom:100px\">\n<h2 class=\"wp-block-heading has-text-align-center has-text-color\" style=\"color:#0c4ab2;font-size:clamp(29.768px, 1.861rem + ((1vw - 3.2px) * 2.526), 52px);font-style:normal;font-weight:600\">Vous avez des questions concernant la plomberie ? On y r\u00e9ponds !<\/h2>\n<\/div>\n\n\n\n<div class=\"wp-block-group alignfull has-global-padding is-layout-constrained wp-container-core-group-is-layout-28740690 wp-block-group-is-layout-constrained\" style=\"margin-top:0;margin-bottom:0;padding-top:100px;padding-bottom:100px\">\n<div class=\"wp-block-group alignfull has-global-padding is-layout-constrained wp-container-core-group-is-layout-8f190b32 wp-block-group-is-layout-constrained\" style=\"margin-top:0;margin-bottom:0;padding-top:100px;padding-bottom:100px\">\n<h2 class=\"wp-block-heading has-text-align-center has-text-color\" style=\"color:#0c4ab2;font-size:clamp(15.747px, 0.984rem + ((1vw - 3.2px) * 0.938), 24px);font-style:normal;font-weight:600\">Proposez-vous des devis gratuits pour les travaux de plomberie ?<\/h2>\n\n\n\n<p class=\"has-text-align-center has-text-color\" style=\"color:#28467f;font-size:clamp(14px, 0.875rem + ((1vw - 3.2px) * 0.227), 16px);\">Le co\u00fbt d&#8217;une r\u00e9paration de plomberie varie en fonction de la nature et de la complexit\u00e9 du probl\u00e8me. Nous nous d\u00e9pla\u00e7ons rapidement pour \u00e9valuer la situation et vous fournir un devis d\u00e9taill\u00e9. Nous offrons des devis gratuits pour tous nos services de plomberie. Contactez-nous au <strong>0693 85 13 95<\/strong> ou via <strong>cbp.contact@gmail.com<\/strong>, ou remplissez notre formulaire en ligne pour planifier une visite.<\/p>\n<\/div>\n\n\n\n<div class=\"wp-block-columns is-layout-flex wp-container-core-columns-is-layout-6c1444e2 wp-block-columns-is-layout-flex\">\n<div class=\"wp-block-column is-layout-flow wp-container-core-column-is-layout-3ca914a4 wp-block-column-is-layout-flow\">\n<h5 class=\"wp-block-heading has-text-align-center has-text-color\" style=\"color:#0c4ab2;font-size:clamp(15.747px, 0.984rem + ((1vw - 3.2px) * 0.938), 24px);font-style:normal;font-weight:600;text-transform:none\"><strong>Quels services de plomberie offrez-vous ?<\/strong><\/h5>\n\n\n\n<p class=\"has-text-align-center has-text-color\" style=\"color:#28467f;font-size:clamp(14px, 0.875rem + ((1vw - 3.2px) * 0.227), 16px);\">Nous proposons une gamme compl\u00e8te de services de plomberie incluant : la r\u00e9paration de fuites, le d\u00e9bouchage de canalisations, l&#8217;installation de syst\u00e8me de plomberie, l&#8217;entretien r\u00e9gulier, l&#8217;installation et r\u00e9paration de chauffe-eau, les services de ma\u00eetre d&#8217;\u0153uvre pour vos projets de plomberie.  <\/p>\n<\/div>\n\n\n\n<div class=\"wp-block-column is-layout-flow wp-container-core-column-is-layout-3ca914a4 wp-block-column-is-layout-flow\">\n<h5 class=\"wp-block-heading has-text-align-center has-text-color\" style=\"color:#0c4ab2;font-size:clamp(15.747px, 0.984rem + ((1vw - 3.2px) * 0.938), 24px);font-style:normal;font-weight:600;text-transform:none\"><strong>Comment puis-je pr\u00e9venir les bouchons dans mes canalisations ?<\/strong><\/h5>\n\n\n\n<p class=\"has-text-align-center has-text-color\" style=\"color:#28467f;font-size:clamp(14px, 0.875rem + ((1vw - 3.2px) * 0.227), 16px);\">Pour \u00e9viter les bouchons, ne jetez pas de graisses, de cheveux ou d&#8217;objets solides dans les \u00e9viers et toilettes. Utilisez des grilles de protection pour les \u00e9viers et les douches, et nettoyez-les r\u00e9guli\u00e8rement. Pour plus de conseils, consultez notre blog ou contactez nos experts.<\/p>\n<\/div>\n<\/div>\n\n\n\n<div class=\"wp-block-group alignfull has-global-padding is-layout-constrained wp-container-core-group-is-layout-8f190b32 wp-block-group-is-layout-constrained\" style=\"margin-top:0;margin-bottom:0;padding-top:100px;padding-bottom:100px\">\n<figure class=\"wp-block-image alignfull size-large\"><img loading=\"lazy\" decoding=\"async\" width=\"1024\" height=\"683\" src=\"http:\/\/www.cbplomberie.re\/wp-content\/uploads\/2024\/05\/2149176719-1024x683.jpg\" alt=\"\" class=\"wp-image-140\" srcset=\"https:\/\/www.cbplomberie.re\/wp-content\/uploads\/2024\/05\/2149176719-1024x683.jpg 1024w, https:\/\/www.cbplomberie.re\/wp-content\/uploads\/2024\/05\/2149176719-300x200.jpg 300w, https:\/\/www.cbplomberie.re\/wp-content\/uploads\/2024\/05\/2149176719-768x512.jpg 768w, https:\/\/www.cbplomberie.re\/wp-content\/uploads\/2024\/05\/2149176719.jpg 1500w\" sizes=\"auto, (max-width: 1024px) 100vw, 1024px\" \/><\/figure>\n\n\n\n<div style=\"height:24px\" aria-hidden=\"true\" class=\"wp-block-spacer\"><\/div>\n\n\n\n<h2 class=\"wp-block-heading has-text-align-center has-text-color\" style=\"color:#0c4ab2;font-size:clamp(15.747px, 0.984rem + ((1vw - 3.2px) * 0.938), 24px);font-style:normal;font-weight:600\"><strong>Pourquoi ma facture d&#8217;eau est-elle si \u00e9lev\u00e9e ?<\/strong><\/h2>\n\n\n\n<p class=\"has-text-align-center has-text-color\" style=\"color:#28467f;font-size:clamp(14px, 0.875rem + ((1vw - 3.2px) * 0.227), 16px);\">Une facture d&#8217;eau \u00e9lev\u00e9e peut \u00eatre due \u00e0 une fuite cach\u00e9e, \u00e0 des \u00e9quipements d\u00e9fectueux ou \u00e0 une consommation excessive. Nos plombiers peuvent r\u00e9aliser un diagnostic complet pour identifier et r\u00e9parer toute fuite ou dysfonctionnement.<\/p>\n<\/div>\n\n\n\n<div class=\"wp-block-columns is-layout-flex wp-container-core-columns-is-layout-6c1444e2 wp-block-columns-is-layout-flex\">\n<div class=\"wp-block-column is-layout-flow wp-container-core-column-is-layout-3ca914a4 wp-block-column-is-layout-flow\">\n<h5 class=\"wp-block-heading has-text-align-center has-text-color\" style=\"color:#0c4ab2;font-size:clamp(15.747px, 0.984rem + ((1vw - 3.2px) * 0.938), 24px);font-style:normal;font-weight:600;text-transform:none\"><strong><strong>Quels types de tuyaux recommandez-vous pour une nouvelle installation ?<\/strong><\/strong><\/h5>\n\n\n\n<p class=\"has-text-align-center has-text-color\" style=\"color:#28467f;font-size:clamp(14px, 0.875rem + ((1vw - 3.2px) * 0.227), 16px);\">Nous recommandons des tuyaux en cuivre ou en PEX pour leur durabilit\u00e9 et leur r\u00e9sistance \u00e0 la corrosion. Chaque projet \u00e9tant unique, nous vous conseillons sur le meilleur mat\u00e9riau en fonction de vos besoins sp\u00e9cifiques. <\/p>\n<\/div>\n\n\n\n<div class=\"wp-block-column is-layout-flow wp-container-core-column-is-layout-3ca914a4 wp-block-column-is-layout-flow\">\n<h5 class=\"wp-block-heading has-text-align-center has-text-color\" style=\"color:#0c4ab2;font-size:clamp(15.747px, 0.984rem + ((1vw - 3.2px) * 0.938), 24px);font-style:normal;font-weight:600;text-transform:none\"><strong><strong>Mon chauffe-eau ne fonctionne pas, que puis-je faire ?<\/strong><\/strong><\/h5>\n\n\n\n<p class=\"has-text-align-center has-text-color\" style=\"color:#28467f;font-size:clamp(14px, 0.875rem + ((1vw - 3.2px) * 0.227), 16px);\">Si votre chauffe-eau ne fonctionne pas, v\u00e9rifiez d&#8217;abord les disjoncteurs et les raccordements \u00e9lectriques. Si le probl\u00e8me persiste, contactez-nous au <strong>0693 85 13 95<\/strong>. Nos techniciens peuvent diagnostiquer et r\u00e9parer rapidement votre chauffe-eau.<\/p>\n<\/div>\n<\/div>\n\n\n\n<div style=\"height:40px\" aria-hidden=\"true\" class=\"wp-block-spacer\"><\/div>\n\n\n\n<div class=\"wp-block-columns is-layout-flex wp-container-core-columns-is-layout-6c1444e2 wp-block-columns-is-layout-flex\">\n<div class=\"wp-block-column is-layout-flow wp-container-core-column-is-layout-3ca914a4 wp-block-column-is-layout-flow\">\n<h5 class=\"wp-block-heading has-text-align-center has-text-color\" style=\"color:#0c4ab2;font-size:clamp(15.747px, 0.984rem + ((1vw - 3.2px) * 0.938), 24px);font-style:normal;font-weight:600;text-transform:none\"><strong><strong><strong>Comment d\u00e9tecter une fuite d&#8217;eau cach\u00e9e ?<\/strong><\/strong><\/strong><\/h5>\n\n\n\n<p class=\"has-text-align-center has-text-color\" style=\"color:#28467f;font-size:clamp(14px, 0.875rem + ((1vw - 3.2px) * 0.227), 16px);\">Les signes d&#8217;une fuite cach\u00e9e incluent une augmentation soudaine de votre facture d&#8217;eau, des taches d&#8217;humidit\u00e9 sur les murs ou les plafonds, et une diminution de la pression de l&#8217;eau. Si vous suspectez une fuite, contactez-nous pour une inspection professionnelle.<\/p>\n<\/div>\n\n\n\n<div class=\"wp-block-column is-layout-flow wp-container-core-column-is-layout-3ca914a4 wp-block-column-is-layout-flow\">\n<h5 class=\"wp-block-heading has-text-align-center has-text-color\" style=\"color:#0c4ab2;font-size:clamp(15.747px, 0.984rem + ((1vw - 3.2px) * 0.938), 24px);font-style:normal;font-weight:600;text-transform:none\"><strong><strong><strong>Utilisez-vous des produits de nettoyage sp\u00e9cifiques pour la plomberie ?<\/strong><\/strong><\/strong><\/h5>\n\n\n\n<p class=\"has-text-align-center has-text-color\" style=\"color:#28467f;font-size:clamp(14px, 0.875rem + ((1vw - 3.2px) * 0.227), 16px);\">Nous recommandons l&#8217;utilisation de produits de nettoyage doux et non corrosifs pour \u00e9viter d&#8217;endommager vos installations. \u00c9vitez les nettoyants chimiques puissants qui peuvent corroder les tuyaux. Pour des conseils sp\u00e9cifiques, consultez nos experts.<\/p>\n<\/div>\n<\/div>\n\n\n\n<div class=\"wp-block-group alignfull has-global-padding is-layout-constrained wp-container-core-group-is-layout-8f190b32 wp-block-group-is-layout-constrained\" style=\"margin-top:0;margin-bottom:0;padding-top:100px;padding-bottom:100px\">\n<h2 class=\"wp-block-heading has-text-align-center has-text-color\" style=\"color:#0c4ab2;font-size:clamp(15.747px, 0.984rem + ((1vw - 3.2px) * 0.938), 24px);font-style:normal;font-weight:600\"><strong><strong>Comment planifier un rendez-vous avec un plombier ?<\/strong><\/strong><\/h2>\n\n\n\n<p class=\"has-text-align-center has-text-color\" style=\"color:#28467f;font-size:clamp(14px, 0.875rem + ((1vw - 3.2px) * 0.227), 16px);\">Pour planifier un rendez-vous, appelez-nous au <strong>0693 85 13 95<\/strong> ou envoyez un e-mail \u00e0 <strong>cbp.contact@gmail.com<\/strong> ou utilisez notre formulaire de contact en ligne. Nous fixerons un rendez-vous \u00e0 votre convenance.<\/p>\n<\/div>\n<\/div>\n\n\n\n<div class=\"wp-block-group alignfull has-background has-global-padding is-layout-constrained wp-container-core-group-is-layout-6a32ee6d wp-block-group-is-layout-constrained\" style=\"background-color:#eaeae3;margin-top:0;margin-bottom:0;padding-top:120px;padding-bottom:120px\">\n<h3 class=\"wp-block-heading has-text-align-center has-text-color\" style=\"color:#0c4ab2;font-size:clamp(26.465px, 1.654rem + ((1vw - 3.2px) * 2.106), 45px);font-style:normal;font-weight:600\">Contactez-nous si vous avez plus de questions ! <\/h3>\n\n\n\n<div class=\"wp-block-buttons is-content-justification-center is-layout-flex wp-container-core-buttons-is-layout-660f9ef0 wp-block-buttons-is-layout-flex\" style=\"margin-top:40px\">\n<div class=\"wp-block-button has-custom-font-size\" style=\"font-size:clamp(14px, 0.875rem + ((1vw - 3.2px) * 0.455), 18px);font-style:normal;font-weight:200\"><a class=\"wp-block-button__link has-text-color has-background wp-element-button\" href=\"http:\/\/www.cbplomberie.re\/index.php\/contact\/\" style=\"border-style:none;border-width:0px;border-radius:30px;color:#ffffff;background-color:#0c4ab2;padding-top:15px;padding-right:25px;padding-bottom:15px;padding-left:25px\">Contactez-nous<\/a><\/div>\n<\/div>\n<\/div>\n","protected":false},"excerpt":{"rendered":"<p>Vous avez des questions concernant la plomberie ? On y r\u00e9ponds ! Proposez-vous des devis gratuits pour les travaux de plomberie ? Le co\u00fbt d&#8217;une r\u00e9paration de plomberie varie en fonction de la nature et de la complexit\u00e9 du probl\u00e8me. Nous nous d\u00e9pla\u00e7ons rapidement pour \u00e9valuer la situation et vous fournir un devis d\u00e9taill\u00e9. Nous [&hellip;]<\/p>\n","protected":false},"author":1,"featured_media":0,"parent":0,"menu_order":0,"comment_status":"closed","ping_status":"closed","template":"","meta":{"footnotes":""},"class_list":["post-61","page","type-page","status-publish","hentry"],"_links":{"self":[{"href":"https:\/\/www.cbplomberie.re\/index.php\/wp-json\/wp\/v2\/pages\/61","targetHints":{"allow":["GET"]}}],"collection":[{"href":"https:\/\/www.cbplomberie.re\/index.php\/wp-json\/wp\/v2\/pages"}],"about":[{"href":"https:\/\/www.cbplomberie.re\/index.php\/wp-json\/wp\/v2\/types\/page"}],"author":[{"embeddable":true,"href":"https:\/\/www.cbplomberie.re\/index.php\/wp-json\/wp\/v2\/users\/1"}],"replies":[{"embeddable":true,"href":"https:\/\/www.cbplomberie.re\/index.php\/wp-json\/wp\/v2\/comments?post=61"}],"version-history":[{"count":6,"href":"https:\/\/www.cbplomberie.re\/index.php\/wp-json\/wp\/v2\/pages\/61\/revisions"}],"predecessor-version":[{"id":142,"href":"https:\/\/www.cbplomberie.re\/index.php\/wp-json\/wp\/v2\/pages\/61\/revisions\/142"}],"wp:attachment":[{"href":"https:\/\/www.cbplomberie.re\/index.php\/wp-json\/wp\/v2\/media?parent=61"}],"curies":[{"name":"wp","href":"https:\/\/api.w.org\/{rel}","templated":true}]}}