{"id":63,"date":"2024-05-27T08:45:55","date_gmt":"2024-05-27T06:45:55","guid":{"rendered":"http:\/\/www.cbplomberie.re\/?page_id=63"},"modified":"2024-05-27T14:31:21","modified_gmt":"2024-05-27T12:31:21","slug":"contact","status":"publish","type":"page","link":"https:\/\/www.cbplomberie.re\/index.php\/contact\/","title":{"rendered":"Contact"},"content":{"rendered":"\n<div class=\"wp-block-cover alignfull is-light\" style=\"margin-top:0;margin-bottom:0;min-height:640px;aspect-ratio:unset;\"><span aria-hidden=\"true\" class=\"wp-block-cover__background has-background-dim-20 has-background-dim\" style=\"background-color:#95918e\"><\/span><img loading=\"lazy\" decoding=\"async\" width=\"1920\" height=\"1728\" class=\"wp-block-cover__image-background wp-image-86\" alt=\"\" src=\"http:\/\/www.cbplomberie.re\/wp-content\/uploads\/2024\/05\/marian-florinel-condruz-C-oYJoIfgCs-unsplash.jpg\" data-object-fit=\"cover\" srcset=\"https:\/\/www.cbplomberie.re\/wp-content\/uploads\/2024\/05\/marian-florinel-condruz-C-oYJoIfgCs-unsplash.jpg 1920w, https:\/\/www.cbplomberie.re\/wp-content\/uploads\/2024\/05\/marian-florinel-condruz-C-oYJoIfgCs-unsplash-300x270.jpg 300w, https:\/\/www.cbplomberie.re\/wp-content\/uploads\/2024\/05\/marian-florinel-condruz-C-oYJoIfgCs-unsplash-1024x922.jpg 1024w, https:\/\/www.cbplomberie.re\/wp-content\/uploads\/2024\/05\/marian-florinel-condruz-C-oYJoIfgCs-unsplash-768x691.jpg 768w, https:\/\/www.cbplomberie.re\/wp-content\/uploads\/2024\/05\/marian-florinel-condruz-C-oYJoIfgCs-unsplash-1536x1382.jpg 1536w\" sizes=\"auto, (max-width: 1920px) 100vw, 1920px\" \/><div class=\"wp-block-cover__inner-container is-layout-flow wp-block-cover-is-layout-flow\">\n<p class=\"has-text-align-center has-large-font-size\"><\/p>\n<\/div><\/div>\n\n\n\n<div class=\"wp-block-group alignfull has-background has-global-padding is-layout-constrained wp-container-core-group-is-layout-6184dce4 wp-block-group-is-layout-constrained\" style=\"background-color:#efeee7;margin-top:0;margin-bottom:0;padding-top:80px;padding-bottom:150px\">\n<div class=\"wp-block-columns is-layout-flex wp-container-core-columns-is-layout-6c1444e2 wp-block-columns-is-layout-flex\">\n<div class=\"wp-block-column is-layout-flow wp-container-core-column-is-layout-7845fe87 wp-block-column-is-layout-flow\" style=\"padding-top:37px\">\n<h4 class=\"wp-block-heading has-text-align-left has-text-color\" style=\"color:#0c4ab2;font-size:clamp(20px, 1.25rem + ((1vw - 3.2px) * 1.364), 32px);font-style:normal;font-weight:700\">Contactez Cl\u00e9ment Bernasse Plomberie &#8211; Votre sp\u00e9cialiste en plomberie dans l&#8217;Ouest de La R\u00e9union !<\/h4>\n\n\n\n<p class=\"has-text-align-left has-text-color\" style=\"color:#28467f;font-size:14px\">Besoin d&#8217;un service de plomberie dans l&#8217;Ouest, le Sud ou le Nord de La R\u00e9union ? Ne cherchez pas plus loin ! <\/p>\n\n\n\n<p class=\"has-text-align-left has-text-color\" style=\"color:#28467f;font-size:14px\">Cl\u00e9ment Bernasse est votre expert dans l&#8217;installation et la r\u00e9paration de syst\u00e8mes de plomberie. Contactez-nous d\u00e8s aujourd&#8217;hui pour un service de qualit\u00e9, que vous ayez besoin d&#8217;une r\u00e9paration rapide pour un tuyau qui fuit ou d&#8217;une r\u00e9novation compl\u00e8te pour votre salle de bain. Nous sommes l\u00e0 pour vous aider ! <\/p>\n\n\n\n<p class=\"has-text-align-left has-text-color has-link-color wp-elements-1f6a1c32f00b07f5267d4bd275551d1b\" style=\"color:#28467f;font-size:clamp(14px, 0.875rem + ((1vw - 3.2px) * 0.682), 20px);\">0693 85 13 95<\/p>\n\n\n\n<p class=\"has-text-align-left has-text-color has-link-color wp-elements-6382d2cedeaafd31221df7257eae043a\" style=\"color:#28467f;font-size:clamp(14px, 0.875rem + ((1vw - 3.2px) * 0.682), 20px);\"><a href=\"mailto:info@Ocean.com\">cbp.contact@gmail.com<\/a><\/p>\n<\/div>\n\n\n\n<div class=\"wp-block-column is-layout-flow wp-container-core-column-is-layout-9b10c18a wp-block-column-is-layout-flow\" style=\"padding-top:0px;padding-right:0px;padding-bottom:0px;padding-left:0px\">\n<div class=\"wp-block-group has-global-padding is-layout-constrained wp-block-group-is-layout-constrained\" style=\"margin-top:0rem;margin-bottom:0px\"><style id=\"wpforms-css-vars-root\">\n\t\t\t\t:root {\n\t\t\t\t\t--wpforms-field-border-radius: 3px;\n--wpforms-field-border-style: solid;\n--wpforms-field-border-size: 1px;\n--wpforms-field-background-color: #ffffff;\n--wpforms-field-border-color: rgba( 0, 0, 0, 0.25 );\n--wpforms-field-border-color-spare: rgba( 0, 0, 0, 0.25 );\n--wpforms-field-text-color: rgba( 0, 0, 0, 0.7 );\n--wpforms-field-menu-color: #ffffff;\n--wpforms-label-color: rgba( 0, 0, 0, 0.85 );\n--wpforms-label-sublabel-color: rgba( 0, 0, 0, 0.55 );\n--wpforms-label-error-color: #d63637;\n--wpforms-button-border-radius: 3px;\n--wpforms-button-border-style: none;\n--wpforms-button-border-size: 1px;\n--wpforms-button-background-color: #066aab;\n--wpforms-button-border-color: #066aab;\n--wpforms-button-text-color: #ffffff;\n--wpforms-page-break-color: #066aab;\n--wpforms-background-image: none;\n--wpforms-background-position: center center;\n--wpforms-background-repeat: no-repeat;\n--wpforms-background-size: cover;\n--wpforms-background-width: 100px;\n--wpforms-background-height: 100px;\n--wpforms-background-color: rgba( 0, 0, 0, 0 );\n--wpforms-background-url: none;\n--wpforms-container-padding: 0px;\n--wpforms-container-border-style: none;\n--wpforms-container-border-width: 1px;\n--wpforms-container-border-color: #000000;\n--wpforms-container-border-radius: 3px;\n--wpforms-field-size-input-height: 43px;\n--wpforms-field-size-input-spacing: 15px;\n--wpforms-field-size-font-size: 16px;\n--wpforms-field-size-line-height: 19px;\n--wpforms-field-size-padding-h: 14px;\n--wpforms-field-size-checkbox-size: 16px;\n--wpforms-field-size-sublabel-spacing: 5px;\n--wpforms-field-size-icon-size: 1;\n--wpforms-label-size-font-size: 16px;\n--wpforms-label-size-line-height: 19px;\n--wpforms-label-size-sublabel-font-size: 14px;\n--wpforms-label-size-sublabel-line-height: 17px;\n--wpforms-button-size-font-size: 17px;\n--wpforms-button-size-height: 41px;\n--wpforms-button-size-padding-h: 15px;\n--wpforms-button-size-margin-top: 10px;\n--wpforms-container-shadow-size-box-shadow: none;\n\n\t\t\t\t}\n\t\t\t<\/style><style id=\"wpforms-css-vars-45-block-003ffe16-0bfa-4bda-a299-e99dc60bc8d2\">\n\t\t\t\t#wpforms-45.wpforms-block-003ffe16-0bfa-4bda-a299-e99dc60bc8d2 {\n\t\t\t\t\t--wpforms-button-border-radius: 0px;\n--wpforms-button-background-color: #0c4ab2;\n--wpforms-field-size-input-height: 43px;\n--wpforms-field-size-input-spacing: 15px;\n--wpforms-field-size-font-size: 16px;\n--wpforms-field-size-line-height: 19px;\n--wpforms-field-size-padding-h: 14px;\n--wpforms-field-size-checkbox-size: 16px;\n--wpforms-field-size-sublabel-spacing: 5px;\n--wpforms-field-size-icon-size: 1;\n--wpforms-label-size-font-size: 16px;\n--wpforms-label-size-line-height: 19px;\n--wpforms-label-size-sublabel-font-size: 14px;\n--wpforms-label-size-sublabel-line-height: 17px;\n--wpforms-button-size-font-size: 20px;\n--wpforms-button-size-height: 48px;\n--wpforms-button-size-padding-h: 20px;\n--wpforms-button-size-margin-top: 15px;\n\n\t\t\t\t}\n\t\t\t<\/style><div class=\"wpforms-container wpforms-container-full wpforms-block wpforms-block-003ffe16-0bfa-4bda-a299-e99dc60bc8d2 wpforms-render-modern\" id=\"wpforms-45\"><form id=\"wpforms-form-45\" class=\"wpforms-validate wpforms-form wpforms-ajax-form\" data-formid=\"45\" method=\"post\" enctype=\"multipart\/form-data\" action=\"\/index.php\/wp-json\/wp\/v2\/pages\/63\" data-token=\"370d60318a71c66e68ff7acf2494401c\" data-token-time=\"1776525904\"><noscript class=\"wpforms-error-noscript\">Please enable JavaScript in your browser to complete this form.<\/noscript><div class=\"wpforms-hidden\" id=\"wpforms-error-noscript\">Please enable JavaScript in your browser to complete this form.<\/div><div class=\"wpforms-field-container\"><div id=\"wpforms-45-field_0-container\" class=\"wpforms-field wpforms-field-name\" data-field-id=\"0\"><fieldset><legend class=\"wpforms-field-label\">Nom <span class=\"wpforms-required-label\" aria-hidden=\"true\">*<\/span><\/legend><div class=\"wpforms-field-row wpforms-field-medium\"><div class=\"wpforms-field-row-block wpforms-first wpforms-one-half\"><input type=\"text\" id=\"wpforms-45-field_0\" class=\"wpforms-field-name-first wpforms-field-required\" name=\"wpforms[fields][0][first]\" aria-errormessage=\"wpforms-45-field_0-error\" required><label for=\"wpforms-45-field_0\" class=\"wpforms-field-sublabel after \">First<\/label><\/div><div class=\"wpforms-field-row-block wpforms-one-half\"><input type=\"text\" id=\"wpforms-45-field_0-last\" class=\"wpforms-field-name-last wpforms-field-required\" name=\"wpforms[fields][0][last]\" aria-errormessage=\"wpforms-45-field_0-last-error\" required><label for=\"wpforms-45-field_0-last\" class=\"wpforms-field-sublabel after \">Last<\/label><\/div><\/div><\/fieldset><\/div><div id=\"wpforms-45-field_1-container\" class=\"wpforms-field wpforms-field-email\" data-field-id=\"1\"><label class=\"wpforms-field-label\" for=\"wpforms-45-field_1\">E-mail <span class=\"wpforms-required-label\" aria-hidden=\"true\">*<\/span><\/label><input type=\"email\" id=\"wpforms-45-field_1\" class=\"wpforms-field-large wpforms-field-required\" name=\"wpforms[fields][1]\" spellcheck=\"false\" aria-errormessage=\"wpforms-45-field_1-error\" required><\/div><div id=\"wpforms-45-field_2-container\" class=\"wpforms-field wpforms-field-textarea\" data-field-id=\"2\"><label class=\"wpforms-field-label\" for=\"wpforms-45-field_2\">Commentaire ou message<\/label><textarea id=\"wpforms-45-field_2\" class=\"wpforms-field-medium\" name=\"wpforms[fields][2]\" aria-errormessage=\"wpforms-45-field_2-error\" ><\/textarea><\/div><\/div><!-- .wpforms-field-container --><div class=\"wpforms-submit-container\" ><input type=\"hidden\" name=\"wpforms[id]\" value=\"45\"><input type=\"hidden\" name=\"page_title\" value=\"\"><input type=\"hidden\" name=\"page_url\" value=\"https:\/\/www.cbplomberie.re\/index.php\/wp-json\/wp\/v2\/pages\/63\"><button type=\"submit\" name=\"wpforms[submit]\" id=\"wpforms-submit-45\" class=\"wpforms-submit\" data-alt-text=\"Envoi...\" data-submit-text=\"Envoyer\" aria-live=\"assertive\" value=\"wpforms-submit\">Envoyer<\/button><img loading=\"lazy\" decoding=\"async\" src=\"https:\/\/www.cbplomberie.re\/wp-content\/plugins\/wpforms-lite\/assets\/images\/submit-spin.svg\" class=\"wpforms-submit-spinner\" style=\"display: none;\" width=\"26\" height=\"26\" alt=\"Loading\"><\/div><\/form><\/div>  <!-- .wpforms-container --><\/div>\n<\/div>\n<\/div>\n<\/div>\n","protected":false},"excerpt":{"rendered":"<p>Contactez Cl\u00e9ment Bernasse Plomberie &#8211; Votre sp\u00e9cialiste en plomberie dans l&#8217;Ouest de La R\u00e9union ! Besoin d&#8217;un service de plomberie dans l&#8217;Ouest, le Sud ou le Nord de La R\u00e9union ? Ne cherchez pas plus loin ! Cl\u00e9ment Bernasse est votre expert dans l&#8217;installation et la r\u00e9paration de syst\u00e8mes de plomberie. Contactez-nous d\u00e8s aujourd&#8217;hui pour [&hellip;]<\/p>\n","protected":false},"author":1,"featured_media":0,"parent":0,"menu_order":0,"comment_status":"closed","ping_status":"closed","template":"","meta":{"footnotes":""},"class_list":["post-63","page","type-page","status-publish","hentry"],"_links":{"self":[{"href":"https:\/\/www.cbplomberie.re\/index.php\/wp-json\/wp\/v2\/pages\/63","targetHints":{"allow":["GET"]}}],"collection":[{"href":"https:\/\/www.cbplomberie.re\/index.php\/wp-json\/wp\/v2\/pages"}],"about":[{"href":"https:\/\/www.cbplomberie.re\/index.php\/wp-json\/wp\/v2\/types\/page"}],"author":[{"embeddable":true,"href":"https:\/\/www.cbplomberie.re\/index.php\/wp-json\/wp\/v2\/users\/1"}],"replies":[{"embeddable":true,"href":"https:\/\/www.cbplomberie.re\/index.php\/wp-json\/wp\/v2\/comments?post=63"}],"version-history":[{"count":6,"href":"https:\/\/www.cbplomberie.re\/index.php\/wp-json\/wp\/v2\/pages\/63\/revisions"}],"predecessor-version":[{"id":131,"href":"https:\/\/www.cbplomberie.re\/index.php\/wp-json\/wp\/v2\/pages\/63\/revisions\/131"}],"wp:attachment":[{"href":"https:\/\/www.cbplomberie.re\/index.php\/wp-json\/wp\/v2\/media?parent=63"}],"curies":[{"name":"wp","href":"https:\/\/api.w.org\/{rel}","templated":true}]}}